{"id":70,"date":"2025-02-12T21:27:19","date_gmt":"2025-02-12T20:27:19","guid":{"rendered":"http:\/\/alojzybystron.edu.pl\/?page_id=70"},"modified":"2025-04-07T11:40:23","modified_gmt":"2025-04-07T09:40:23","slug":"o-projekcie","status":"publish","type":"page","link":"http:\/\/alojzybystron.edu.pl\/index.php\/o-projekcie\/","title":{"rendered":"O projekcie"},"content":{"rendered":"\n<p><\/p>\n\n\n\n<p><\/p>\n\n\n\n<div class=\"wp-block-media-text is-stacked-on-mobile\"><figure class=\"wp-block-media-text__media\"><img loading=\"lazy\" decoding=\"async\" width=\"2048\" height=\"2560\" src=\"http:\/\/alojzybystron.edu.pl\/wp-content\/uploads\/2025\/04\/alojzy-bystron17-scaled.jpg\" alt=\"\" class=\"wp-image-126 size-full\" srcset=\"http:\/\/alojzybystron.edu.pl\/wp-content\/uploads\/2025\/04\/alojzy-bystron17-scaled.jpg 2048w, http:\/\/alojzybystron.edu.pl\/wp-content\/uploads\/2025\/04\/alojzy-bystron17-768x960.jpg 768w, http:\/\/alojzybystron.edu.pl\/wp-content\/uploads\/2025\/04\/alojzy-bystron17-1229x1536.jpg 1229w, http:\/\/alojzybystron.edu.pl\/wp-content\/uploads\/2025\/04\/alojzy-bystron17-1638x2048.jpg 1638w\" sizes=\"auto, (max-width: 2048px) 100vw, 2048px\" \/><\/figure><div class=\"wp-block-media-text__content\">\n<p>Strona ma na celu przywr\u00f3cenie pami\u0119ci o tw\u00f3rczo\u015bci Alojzego Bystronia.<\/p>\n\n\n\n<p>Do projektu&nbsp;zainspirowa\u0142y&nbsp;mnie pojawiaj\u0105ce si\u0119 od czasu do czasu aukcje sztuki dziadka (Desa). Natomiast przy jego pracach nigdzie nie ma biogramu&nbsp;ani&nbsp;informacji&nbsp;o tw\u00f3rcy.<\/p>\n\n\n\n<p>Archiwum sk\u0142ada si\u0119 z kolekcji fotografii, a tak\u017ce wszelkie informacje, kt\u00f3re uda\u0142o mi si\u0119 znale\u017a\u0107 w internecie i bibliotece Akademii Sztuk Pi\u0119knych w Warszawie. Zdj\u0119cia dokumentuj\u0105 prace artysty, kt\u00f3rych u\u017cywa\u0142 w swoim portfolio, a tak\u017ce dokumentowa\u0142 realizacje na zam\u00f3wienie do wn\u0119trz (meble-rze\u017aby).<\/p>\n<\/div><\/div>\n\n\n\n<div class=\"wp-block-media-text is-stacked-on-mobile\"><figure class=\"wp-block-media-text__media\"><img loading=\"lazy\" decoding=\"async\" width=\"2048\" height=\"2560\" src=\"http:\/\/alojzybystron.edu.pl\/wp-content\/uploads\/2025\/04\/alojzy-bystron19-scaled.jpg\" alt=\"\" class=\"wp-image-127 size-full\" srcset=\"http:\/\/alojzybystron.edu.pl\/wp-content\/uploads\/2025\/04\/alojzy-bystron19-scaled.jpg 2048w, http:\/\/alojzybystron.edu.pl\/wp-content\/uploads\/2025\/04\/alojzy-bystron19-768x960.jpg 768w, http:\/\/alojzybystron.edu.pl\/wp-content\/uploads\/2025\/04\/alojzy-bystron19-1229x1536.jpg 1229w, http:\/\/alojzybystron.edu.pl\/wp-content\/uploads\/2025\/04\/alojzy-bystron19-1638x2048.jpg 1638w\" sizes=\"auto, (max-width: 2048px) 100vw, 2048px\" \/><\/figure><div class=\"wp-block-media-text__content\">\n<p>W archiwum zachowa\u0142o si\u0119 r\u00f3wnie\u017c portfolio, gazeta z artyku\u0142em o projekcie stworzenia galerii \/ pracowni w wie\u017cy w&nbsp;Morysinie (projekt niestety nie udany).<\/p>\n\n\n\n<p>Nowe zdj\u0119cia zamieszczam systematycznie, wykonuj\u0119 skany i obr\u00f3bk\u0119 zdj\u0119\u0107.<\/p>\n\n\n\n<p>Osoby, kt\u00f3re posiadaj\u0105 materia\u0142y lub wi\u0119cej informacji, kt\u00f3re&nbsp;mog\u0142yby wzbogaci\u0107 archiwum zapraszam do kontaktu:&nbsp;marta.bystron(at)gmail.com<\/p>\n<\/div><\/div>\n","protected":false},"excerpt":{"rendered":"<p>Strona ma na celu przywr\u00f3cenie pami\u0119ci o tw\u00f3rczo\u015bci Alojzego Bystronia. Do projektu&nbsp;zainspirowa\u0142y&nbsp;mnie pojawiaj\u0105ce si\u0119 od czasu do czasu aukcje sztuki dziadka (Desa). Natomiast przy jego pracach nigdzie nie ma biogramu&nbsp;ani&nbsp;informacji&nbsp;o tw\u00f3rcy. Archiwum sk\u0142ada si\u0119 z kolekcji fotografii, a tak\u017ce wszelkie informacje, kt\u00f3re uda\u0142o mi si\u0119 znale\u017a\u0107 w internecie i bibliotece Akademii Sztuk Pi\u0119knych w Warszawie. [&hellip;]<\/p>\n","protected":false},"author":1,"featured_media":0,"parent":0,"menu_order":0,"comment_status":"closed","ping_status":"closed","template":"","meta":{"_coblocks_attr":"","_coblocks_dimensions":"","_coblocks_responsive_height":"","_coblocks_accordion_ie_support":"","footnotes":""},"class_list":["post-70","page","type-page","status-publish","hentry"],"_links":{"self":[{"href":"http:\/\/alojzybystron.edu.pl\/index.php\/wp-json\/wp\/v2\/pages\/70","targetHints":{"allow":["GET"]}}],"collection":[{"href":"http:\/\/alojzybystron.edu.pl\/index.php\/wp-json\/wp\/v2\/pages"}],"about":[{"href":"http:\/\/alojzybystron.edu.pl\/index.php\/wp-json\/wp\/v2\/types\/page"}],"author":[{"embeddable":true,"href":"http:\/\/alojzybystron.edu.pl\/index.php\/wp-json\/wp\/v2\/users\/1"}],"replies":[{"embeddable":true,"href":"http:\/\/alojzybystron.edu.pl\/index.php\/wp-json\/wp\/v2\/comments?post=70"}],"version-history":[{"count":5,"href":"http:\/\/alojzybystron.edu.pl\/index.php\/wp-json\/wp\/v2\/pages\/70\/revisions"}],"predecessor-version":[{"id":128,"href":"http:\/\/alojzybystron.edu.pl\/index.php\/wp-json\/wp\/v2\/pages\/70\/revisions\/128"}],"wp:attachment":[{"href":"http:\/\/alojzybystron.edu.pl\/index.php\/wp-json\/wp\/v2\/media?parent=70"}],"curies":[{"name":"wp","href":"https:\/\/api.w.org\/{rel}","templated":true}]}}